{"id":1614,"date":"2020-01-21T20:53:13","date_gmt":"2020-01-21T20:53:13","guid":{"rendered":"https:\/\/escapadelaurentides.com\/commodites-et-services-de-lhotel\/"},"modified":"2020-02-28T14:02:54","modified_gmt":"2020-02-28T19:02:54","slug":"commodites-et-services-de-lhotel","status":"publish","type":"page","link":"https:\/\/escapadelaurentides.com\/fr\/commodites-et-services-de-lhotel\/","title":{"rendered":"Commodit\u00e9s et services de l\u2019h\u00f4tel"},"content":{"rendered":"\t\t<div data-elementor-type=\"wp-post\" data-elementor-id=\"1614\" class=\"elementor elementor-1614 elementor-688\">\n\t\t\t\t\t\t<div class=\"elementor-section elementor-top-section elementor-element elementor-element-9e91917 elementor-section-stretched elementor-section-boxed elementor-section-height-default elementor-section-height-default\" data-id=\"9e91917\" data-element_type=\"section\" data-e-type=\"section\" data-settings=\"{&quot;stretch_section&quot;:&quot;section-stretched&quot;}\">\n\t\t\t\t\t\t<div class=\"elementor-container elementor-column-gap-no\">\n\t\t\t\t\t<div class=\"elementor-column elementor-col-100 elementor-top-column elementor-element elementor-element-eebe08a\" data-id=\"eebe08a\" data-element_type=\"column\" data-e-type=\"column\">\n\t\t\t<div class=\"elementor-widget-wrap elementor-element-populated\">\n\t\t\t\t\t\t<div class=\"elementor-element elementor-element-fc2c2f2 elementor-heading__align-center elementor-widget elementor-widget-heading\" data-id=\"fc2c2f2\" data-element_type=\"widget\" data-e-type=\"widget\" data-widget_type=\"heading.default\">\n\t\t\t\t<div class=\"elementor-widget-container\">\n\t\t\t\t\t<h3 class=\"elementor-heading-title elementor-size-default\">Escapade Laurentides h\u00f4tel et parc aquatique offre des commodit\u00e9s spectaculaires:<\/h3>\t\t\t\t<\/div>\n\t\t\t\t<\/div>\n\t\t\t\t<div class=\"elementor-element elementor-element-6e18b19 elementor-widget elementor-widget-spacer\" data-id=\"6e18b19\" data-element_type=\"widget\" data-e-type=\"widget\" data-widget_type=\"spacer.default\">\n\t\t\t\t<div class=\"elementor-widget-container\">\n\t\t\t\t\t\t\t<div class=\"elementor-spacer\">\n\t\t\t<div class=\"elementor-spacer-inner\"><\/div>\n\t\t<\/div>\n\t\t\t\t\t\t<\/div>\n\t\t\t\t<\/div>\n\t\t\t\t<section class=\"elementor-section elementor-inner-section elementor-element elementor-element-4a43c1d elementor-section-boxed elementor-section-height-default elementor-section-height-default\" data-id=\"4a43c1d\" data-element_type=\"section\" data-e-type=\"section\">\n\t\t\t\t\t\t<div class=\"elementor-container elementor-column-gap-default\">\n\t\t\t\t\t<div class=\"elementor-column elementor-col-50 elementor-inner-column elementor-element elementor-element-976855f\" data-id=\"976855f\" data-element_type=\"column\" data-e-type=\"column\">\n\t\t\t<div class=\"elementor-widget-wrap elementor-element-populated\">\n\t\t\t\t\t\t<div class=\"elementor-element elementor-element-3dc312b elementor-widget elementor-widget-text-editor\" data-id=\"3dc312b\" data-element_type=\"widget\" data-e-type=\"widget\" data-widget_type=\"text-editor.default\">\n\t\t\t\t<div class=\"elementor-widget-container\">\n\t\t\t\t\t\t\t\t\t<ul>\n<li>Un parc aquatique de 30000 pieds carr\u00e9s<\/li>\n<li>Des terrains de tennis<\/li>\n<li>Un spa \u00e0 service complet<\/li>\n<li>Des saunas<\/li>\n<li>Restaurants et bars haut de gamme<\/li>\n<li>Lieux de r\u00e9union multifonctionnels pour des noces, des banquets, des s\u00e9minaires, des conf\u00e9rences<\/li>\n<li>Sports aquatiques de lac\u00a0: bateau p\u00e9dalier, natation, p\u00eache<\/li>\n<li>Salon-piscines<\/li>\n<li>Un hall d\u2019entr\u00e9e magnifique quatre \u00e9toiles<\/li>\n<li>Un centre de conditionnement physique<\/li>\n<li>Salles de jeux<\/li>\n<li>Des activit\u00e9s amusantes pour tous les \u00e2ges<\/li>\n<\/ul>\n\t\t\t\t\t\t\t\t<\/div>\n\t\t\t\t<\/div>\n\t\t\t\t\t<\/div>\n\t\t<\/div>\n\t\t\t\t<div class=\"elementor-column elementor-col-50 elementor-inner-column elementor-element elementor-element-ec269e6\" data-id=\"ec269e6\" data-element_type=\"column\" data-e-type=\"column\">\n\t\t\t<div class=\"elementor-widget-wrap elementor-element-populated\">\n\t\t\t\t\t\t<div class=\"elementor-element elementor-element-8ce0e9e elementor-widget elementor-widget-image\" data-id=\"8ce0e9e\" data-element_type=\"widget\" data-e-type=\"widget\" data-widget_type=\"image.default\">\n\t\t\t\t<div class=\"elementor-widget-container\">\n\t\t\t\t\t\t\t\t\t\t\t\t\t\t\t<img fetchpriority=\"high\" decoding=\"async\" width=\"600\" height=\"400\" src=\"https:\/\/escapadelaurentides.com\/wp-content\/uploads\/2019\/12\/16582159337_b285678baf_o.jpg\" class=\"attachment-large size-large wp-image-1543\" alt=\"\" srcset=\"https:\/\/escapadelaurentides.com\/wp-content\/uploads\/2019\/12\/16582159337_b285678baf_o.jpg 1024w, https:\/\/escapadelaurentides.com\/wp-content\/uploads\/2019\/12\/16582159337_b285678baf_o-300x200.jpg 300w, https:\/\/escapadelaurentides.com\/wp-content\/uploads\/2019\/12\/16582159337_b285678baf_o-768x512.jpg 768w, https:\/\/escapadelaurentides.com\/wp-content\/uploads\/2019\/12\/16582159337_b285678baf_o-400x266.jpg 400w\" sizes=\"(max-width: 600px) 100vw, 600px\" \/>\t\t\t\t\t\t\t\t\t\t\t\t\t\t\t<\/div>\n\t\t\t\t<\/div>\n\t\t\t\t\t<\/div>\n\t\t<\/div>\n\t\t\t\t\t<\/div>\n\t\t<\/section>\n\t\t\t\t<div class=\"elementor-element elementor-element-ff4d1d8 elementor-widget-divider--separator-type-pattern elementor-widget-divider--no-spacing elementor-widget-divider--view-line elementor-widget elementor-widget-divider\" data-id=\"ff4d1d8\" data-element_type=\"widget\" data-e-type=\"widget\" data-widget_type=\"divider.default\">\n\t\t\t\t<div class=\"elementor-widget-container\">\n\t\t\t\t\t\t\t<div class=\"elementor-divider\" style=\"--divider-pattern-url: url(&quot;data:image\/svg+xml,%3Csvg xmlns=&#039;http:\/\/www.w3.org\/2000\/svg&#039; preserveAspectRatio=&#039;xMidYMid meet&#039; overflow=&#039;visible&#039; height=&#039;100%&#039; viewBox=&#039;0 0 120 26&#039; fill=&#039;black&#039; stroke=&#039;none&#039;%3E%3Cpolygon points=&#039;0,14.4 0,21 11.5,12.4 21.3,20 30.4,11.1 40.3,20 51,12.4 60.6,20 69.6,11.1 79.3,20 90.1,12.4 99.6,20 109.7,11.1 120,21 120,14.4 109.7,5 99.6,13 90.1,5 79.3,14.5 71,5.7 60.6,12.4 51,5 40.3,14.5 31.1,5 21.3,13 11.5,5 \t&#039;\/%3E%3C\/svg%3E&quot;);\">\n\t\t\t<span class=\"elementor-divider-separator\">\n\t\t\t\t\t\t<\/span>\n\t\t<\/div>\n\t\t\t\t\t\t<\/div>\n\t\t\t\t<\/div>\n\t\t\t\t<section class=\"elementor-section elementor-inner-section elementor-element elementor-element-1e33e4b elementor-section-boxed elementor-section-height-default elementor-section-height-default\" data-id=\"1e33e4b\" data-element_type=\"section\" data-e-type=\"section\">\n\t\t\t\t\t\t<div class=\"elementor-container elementor-column-gap-default\">\n\t\t\t\t\t<div class=\"elementor-column elementor-col-33 elementor-inner-column elementor-element elementor-element-f3ab87f\" data-id=\"f3ab87f\" data-element_type=\"column\" data-e-type=\"column\">\n\t\t\t<div class=\"elementor-widget-wrap elementor-element-populated\">\n\t\t\t\t\t\t<div class=\"elementor-element elementor-element-dde8f89 elementor-widget elementor-widget-image\" data-id=\"dde8f89\" data-element_type=\"widget\" data-e-type=\"widget\" data-widget_type=\"image.default\">\n\t\t\t\t<div class=\"elementor-widget-container\">\n\t\t\t\t\t\t\t\t\t\t\t\t\t\t\t<img decoding=\"async\" width=\"600\" height=\"400\" src=\"https:\/\/escapadelaurentides.com\/wp-content\/uploads\/2019\/12\/derek-thomson-vY86Rq8cfjQ-unsplash-1024x683.jpg\" class=\"attachment-large size-large wp-image-1542\" alt=\"\" srcset=\"https:\/\/escapadelaurentides.com\/wp-content\/uploads\/2019\/12\/derek-thomson-vY86Rq8cfjQ-unsplash-1024x683.jpg 1024w, https:\/\/escapadelaurentides.com\/wp-content\/uploads\/2019\/12\/derek-thomson-vY86Rq8cfjQ-unsplash-300x200.jpg 300w, https:\/\/escapadelaurentides.com\/wp-content\/uploads\/2019\/12\/derek-thomson-vY86Rq8cfjQ-unsplash-768x512.jpg 768w, https:\/\/escapadelaurentides.com\/wp-content\/uploads\/2019\/12\/derek-thomson-vY86Rq8cfjQ-unsplash-1536x1024.jpg 1536w\" sizes=\"(max-width: 600px) 100vw, 600px\" \/>\t\t\t\t\t\t\t\t\t\t\t\t\t\t\t<\/div>\n\t\t\t\t<\/div>\n\t\t\t\t<div class=\"elementor-element elementor-element-b234300 elementor-widget elementor-widget-text-editor\" data-id=\"b234300\" data-element_type=\"widget\" data-e-type=\"widget\" data-widget_type=\"text-editor.default\">\n\t\t\t\t<div class=\"elementor-widget-container\">\n\t\t\t\t\t\t\t\t\t<p><strong>De plus, ce parc aquatique de 30 000 pieds carr\u00e9s vous offrira les services suivants:<\/strong><\/p>\n<ul>\n<li>Des piscines int\u00e9rieures et ext\u00e9rieures le long de la rivi\u00e8re<\/li>\n<li>Des activit\u00e9s aquatiques interactives y compris de nombreuses glissades d\u2019eau<\/li>\n<li>Une piscine \u00e0 vagues<\/li>\n<\/ul>\n\t\t\t\t\t\t\t\t<\/div>\n\t\t\t\t<\/div>\n\t\t\t\t\t<\/div>\n\t\t<\/div>\n\t\t\t\t<div class=\"elementor-column elementor-col-33 elementor-inner-column elementor-element elementor-element-2ba1d16\" data-id=\"2ba1d16\" data-element_type=\"column\" data-e-type=\"column\">\n\t\t\t<div class=\"elementor-widget-wrap elementor-element-populated\">\n\t\t\t\t\t\t<div class=\"elementor-element elementor-element-26d141c elementor-widget elementor-widget-image\" data-id=\"26d141c\" data-element_type=\"widget\" data-e-type=\"widget\" data-widget_type=\"image.default\">\n\t\t\t\t<div class=\"elementor-widget-container\">\n\t\t\t\t\t\t\t\t\t\t\t\t\t\t\t<img decoding=\"async\" width=\"600\" height=\"400\" src=\"https:\/\/escapadelaurentides.com\/wp-content\/uploads\/2019\/12\/camille-brodard-VxAwTeiqDao-unsplash-1024x683.jpg\" class=\"attachment-large size-large wp-image-1540\" alt=\"\" srcset=\"https:\/\/escapadelaurentides.com\/wp-content\/uploads\/2019\/12\/camille-brodard-VxAwTeiqDao-unsplash-1024x683.jpg 1024w, https:\/\/escapadelaurentides.com\/wp-content\/uploads\/2019\/12\/camille-brodard-VxAwTeiqDao-unsplash-300x200.jpg 300w, https:\/\/escapadelaurentides.com\/wp-content\/uploads\/2019\/12\/camille-brodard-VxAwTeiqDao-unsplash-768x512.jpg 768w, https:\/\/escapadelaurentides.com\/wp-content\/uploads\/2019\/12\/camille-brodard-VxAwTeiqDao-unsplash-1536x1024.jpg 1536w, https:\/\/escapadelaurentides.com\/wp-content\/uploads\/2019\/12\/camille-brodard-VxAwTeiqDao-unsplash-2048x1365.jpg 2048w, https:\/\/escapadelaurentides.com\/wp-content\/uploads\/2019\/12\/camille-brodard-VxAwTeiqDao-unsplash-400x267.jpg 400w\" sizes=\"(max-width: 600px) 100vw, 600px\" \/>\t\t\t\t\t\t\t\t\t\t\t\t\t\t\t<\/div>\n\t\t\t\t<\/div>\n\t\t\t\t<div class=\"elementor-element elementor-element-77d2893 elementor-widget elementor-widget-text-editor\" data-id=\"77d2893\" data-element_type=\"widget\" data-e-type=\"widget\" data-widget_type=\"text-editor.default\">\n\t\t\t\t<div class=\"elementor-widget-container\">\n\t\t\t\t\t\t\t\t\t<h4>Spa \u00e0 service complet<\/h4>\n<p>R\u00e9jouissez-vous de la nature magnifique des Laurentides durant votre exp\u00e9rience de spa. Nos bains tourbillons et piscines ext\u00e9rieurs, ainsi que nos suites \u00e9l\u00e9gantes, vont faire un moment inoubliable de votre s\u00e9jour. Que vous passiez au sauna, preniez un bain-tourbillon ou une s\u00e9ance de massage \u2013 tout cela est relaxant, divertissant et bon pour votre sant\u00e9.<\/p>\n\t\t\t\t\t\t\t\t<\/div>\n\t\t\t\t<\/div>\n\t\t\t\t\t<\/div>\n\t\t<\/div>\n\t\t\t\t<div class=\"elementor-column elementor-col-33 elementor-inner-column elementor-element elementor-element-be6f496\" data-id=\"be6f496\" data-element_type=\"column\" data-e-type=\"column\">\n\t\t\t<div class=\"elementor-widget-wrap elementor-element-populated\">\n\t\t\t\t\t\t<div class=\"elementor-element elementor-element-c7f894f elementor-widget elementor-widget-image\" data-id=\"c7f894f\" data-element_type=\"widget\" data-e-type=\"widget\" data-widget_type=\"image.default\">\n\t\t\t\t<div class=\"elementor-widget-container\">\n\t\t\t\t\t\t\t\t\t\t\t\t\t\t\t<img loading=\"lazy\" decoding=\"async\" width=\"600\" height=\"401\" src=\"https:\/\/escapadelaurentides.com\/wp-content\/uploads\/2019\/12\/brett-jordan-7aygbuJpgxE-unsplash-1024x685.jpg\" class=\"attachment-large size-large wp-image-1541\" alt=\"\" srcset=\"https:\/\/escapadelaurentides.com\/wp-content\/uploads\/2019\/12\/brett-jordan-7aygbuJpgxE-unsplash-1024x685.jpg 1024w, https:\/\/escapadelaurentides.com\/wp-content\/uploads\/2019\/12\/brett-jordan-7aygbuJpgxE-unsplash-300x201.jpg 300w, https:\/\/escapadelaurentides.com\/wp-content\/uploads\/2019\/12\/brett-jordan-7aygbuJpgxE-unsplash-768x514.jpg 768w, https:\/\/escapadelaurentides.com\/wp-content\/uploads\/2019\/12\/brett-jordan-7aygbuJpgxE-unsplash-1536x1028.jpg 1536w, https:\/\/escapadelaurentides.com\/wp-content\/uploads\/2019\/12\/brett-jordan-7aygbuJpgxE-unsplash-2048x1370.jpg 2048w, https:\/\/escapadelaurentides.com\/wp-content\/uploads\/2019\/12\/brett-jordan-7aygbuJpgxE-unsplash-400x268.jpg 400w\" sizes=\"(max-width: 600px) 100vw, 600px\" \/>\t\t\t\t\t\t\t\t\t\t\t\t\t\t\t<\/div>\n\t\t\t\t<\/div>\n\t\t\t\t<div class=\"elementor-element elementor-element-64433df elementor-widget elementor-widget-text-editor\" data-id=\"64433df\" data-element_type=\"widget\" data-e-type=\"widget\" data-widget_type=\"text-editor.default\">\n\t\t\t\t<div class=\"elementor-widget-container\">\n\t\t\t\t\t\t\t\t\t<h4>Salles de r\u00e9ception<\/h4>\n<p>Les salles de r\u00e9ception de notre h\u00f4tel sont id\u00e9ales pour des noces, anniversaires, conf\u00e9rences, ou des \u00e9v\u00e9nements corporatifs. Escapade Laurentides h\u00f4tel et parc aquatique et ses employ\u00e9s assureront que votre \u00e9v\u00e9nement soit m\u00e9morable.<\/p>\n\t\t\t\t\t\t\t\t<\/div>\n\t\t\t\t<\/div>\n\t\t\t\t\t<\/div>\n\t\t<\/div>\n\t\t\t\t\t<\/div>\n\t\t<\/section>\n\t\t\t\t\t<\/div>\n\t\t<\/div>\n\t\t\t\t\t<\/div>\n\t\t<\/div>\n\t\t\t\t<section class=\"elementor-section elementor-top-section elementor-element elementor-element-17c6855 elementor-section-stretched elementor-section-full_width elementor-section-height-default elementor-section-height-default\" data-id=\"17c6855\" data-element_type=\"section\" data-e-type=\"section\" data-settings=\"{&quot;stretch_section&quot;:&quot;section-stretched&quot;}\">\n\t\t\t\t\t\t<div class=\"elementor-container elementor-column-gap-no\">\n\t\t\t\t\t<div class=\"elementor-column elementor-col-100 elementor-top-column elementor-element elementor-element-75206ed\" data-id=\"75206ed\" data-element_type=\"column\" data-e-type=\"column\">\n\t\t\t<div class=\"elementor-widget-wrap elementor-element-populated\">\n\t\t\t\t\t\t<div class=\"elementor-element elementor-element-283665a elementor-invisible elementor-widget elementor-widget-google_maps\" data-id=\"283665a\" data-element_type=\"widget\" data-e-type=\"widget\" data-settings=\"{&quot;_animation&quot;:&quot;fadeIn&quot;}\" data-widget_type=\"google_maps.default\">\n\t\t\t\t<div class=\"elementor-widget-container\">\n\t\t\t\t\t\t\t<div class=\"elementor-custom-embed\">\n\t\t\t<iframe loading=\"lazy\"\n\t\t\t\t\tsrc=\"https:\/\/maps.google.com\/maps?q=Val%20Morin%2C%20qc&#038;t=m&#038;z=11&#038;output=embed&#038;iwloc=near\"\n\t\t\t\t\ttitle=\"Val Morin, qc\"\n\t\t\t\t\taria-label=\"Val Morin, qc\"\n\t\t\t><\/iframe>\n\t\t<\/div>\n\t\t\t\t\t\t<\/div>\n\t\t\t\t<\/div>\n\t\t\t\t\t<\/div>\n\t\t<\/div>\n\t\t\t\t\t<\/div>\n\t\t<\/section>\n\t\t\t\t<\/div>\n\t\t","protected":false},"excerpt":{"rendered":"<p>Escapade Laurentides h\u00f4tel et parc aquatique offre des commodit\u00e9s spectaculaires: Un parc aquatique de 30000 pieds carr\u00e9s Des terrains de tennis Un spa \u00e0 service complet Des saunas Restaurants et bars haut de gamme Lieux de r\u00e9union multifonctionnels pour des noces, des banquets, des s\u00e9minaires, des conf\u00e9rences Sports aquatiques de lac\u00a0: bateau p\u00e9dalier, natation, p\u00eache &hellip; <\/p>\n<p class=\"link-more\"><a href=\"https:\/\/escapadelaurentides.com\/fr\/commodites-et-services-de-lhotel\/\" class=\"more-link\">Read More <span class=\"screen-reader-text\"> \u00ab\u00a0Commodit\u00e9s et services de l\u2019h\u00f4tel\u00a0\u00bb<\/span><\/a><\/p>\n","protected":false},"author":1,"featured_media":0,"parent":0,"menu_order":0,"comment_status":"closed","ping_status":"closed","template":"","meta":{"inline_featured_image":false,"footnotes":""},"class_list":["post-1614","page","type-page","status-publish","hentry"],"_links":{"self":[{"href":"https:\/\/escapadelaurentides.com\/fr\/wp-json\/wp\/v2\/pages\/1614","targetHints":{"allow":["GET"]}}],"collection":[{"href":"https:\/\/escapadelaurentides.com\/fr\/wp-json\/wp\/v2\/pages"}],"about":[{"href":"https:\/\/escapadelaurentides.com\/fr\/wp-json\/wp\/v2\/types\/page"}],"author":[{"embeddable":true,"href":"https:\/\/escapadelaurentides.com\/fr\/wp-json\/wp\/v2\/users\/1"}],"replies":[{"embeddable":true,"href":"https:\/\/escapadelaurentides.com\/fr\/wp-json\/wp\/v2\/comments?post=1614"}],"version-history":[{"count":13,"href":"https:\/\/escapadelaurentides.com\/fr\/wp-json\/wp\/v2\/pages\/1614\/revisions"}],"predecessor-version":[{"id":1845,"href":"https:\/\/escapadelaurentides.com\/fr\/wp-json\/wp\/v2\/pages\/1614\/revisions\/1845"}],"wp:attachment":[{"href":"https:\/\/escapadelaurentides.com\/fr\/wp-json\/wp\/v2\/media?parent=1614"}],"curies":[{"name":"wp","href":"https:\/\/api.w.org\/{rel}","templated":true}]}}